{"id":56,"date":"2011-03-01T01:02:22","date_gmt":"2011-03-01T01:02:22","guid":{"rendered":"http:\/\/localhost:8888\/wp\/?page_id=56"},"modified":"2020-02-01T11:28:16","modified_gmt":"2020-02-01T11:28:16","slug":"impressum","status":"publish","type":"page","link":"https:\/\/valentingerstberger.de\/?page_id=56","title":{"rendered":"Impressum"},"content":{"rendered":"<p>Alle hier verwendeten Namen, Begriffe, Zeichen und Grafiken k\u00f6nnen Marken- oder Warenzeichen im Besitze ihrer rechtlichen Eigent\u00fcmer sein. Die Rechte aller erw\u00e4hnten und benutzten Marken- und Warenzeichen liegen ausschlie\u00dflich bei deren Besitzern. S\u00e4mtliche hier zur Verf\u00fcgung gestellten Inhalte d\u00fcrfen ohne meine vorherige schriftliche Zustimmung nicht verbreitet werden.<\/p>\n<p>Kontaktinformaitionen:<\/p>\n<p><img loading=\"lazy\" decoding=\"async\" class=\"alignnone size-full wp-image-539\" src=\"http:\/\/valentingerstberger.familie-gerstberger.de\/wp-content\/uploads\/impressum.jpg\" alt=\"Impressum\" width=\"267\" height=\"119\" \/><\/p>\n","protected":false},"excerpt":{"rendered":"<p>Alle hier verwendeten Namen, Begriffe, Zeichen und Grafiken k\u00f6nnen Marken- oder Warenzeichen im Besitze ihrer rechtlichen Eigent\u00fcmer sein. Die Rechte aller erw\u00e4hnten und benutzten Marken- und Warenzeichen liegen ausschlie\u00dflich bei deren Besitzern. S\u00e4mtliche hier zur Verf\u00fcgung gestellten Inhalte d\u00fcrfen ohne meine vorherige schriftliche Zustimmung nicht verbreitet werden. Kontaktinformaitionen:<\/p>\n","protected":false},"author":1,"featured_media":0,"parent":0,"menu_order":0,"comment_status":"closed","ping_status":"closed","template":"","meta":{"footnotes":""},"class_list":["post-56","page","type-page","status-publish","hentry"],"_links":{"self":[{"href":"https:\/\/valentingerstberger.de\/index.php?rest_route=\/wp\/v2\/pages\/56","targetHints":{"allow":["GET"]}}],"collection":[{"href":"https:\/\/valentingerstberger.de\/index.php?rest_route=\/wp\/v2\/pages"}],"about":[{"href":"https:\/\/valentingerstberger.de\/index.php?rest_route=\/wp\/v2\/types\/page"}],"author":[{"embeddable":true,"href":"https:\/\/valentingerstberger.de\/index.php?rest_route=\/wp\/v2\/users\/1"}],"replies":[{"embeddable":true,"href":"https:\/\/valentingerstberger.de\/index.php?rest_route=%2Fwp%2Fv2%2Fcomments&post=56"}],"version-history":[{"count":1,"href":"https:\/\/valentingerstberger.de\/index.php?rest_route=\/wp\/v2\/pages\/56\/revisions"}],"predecessor-version":[{"id":540,"href":"https:\/\/valentingerstberger.de\/index.php?rest_route=\/wp\/v2\/pages\/56\/revisions\/540"}],"wp:attachment":[{"href":"https:\/\/valentingerstberger.de\/index.php?rest_route=%2Fwp%2Fv2%2Fmedia&parent=56"}],"curies":[{"name":"wp","href":"https:\/\/api.w.org\/{rel}","templated":true}]}}