{"id":34,"date":"2011-02-28T00:35:22","date_gmt":"2011-02-28T00:35:22","guid":{"rendered":"http:\/\/localhost:8888\/wp\/?page_id=2"},"modified":"2020-02-01T11:50:25","modified_gmt":"2020-02-01T11:50:25","slug":"sample-page","status":"publish","type":"page","link":"https:\/\/valentingerstberger.de\/?page_id=34","title":{"rendered":"\u00dcber Mich"},"content":{"rendered":"<p>Valentin Gerstberger, geb. 27. Juni 1955 in Limburg<\/p>\n<p>Studium an der Hochschule f\u00fcr Bildende K\u00fcnste in Kassel<\/p>\n<p>Volontariat Wetzlarer Neue Zeitung<\/p>\n<p>Redakteur Sonntag-Morgenmagazin Gie\u00dfen<\/p>\n<p>Freier K\u00fcnstler<\/p>\n<p>Kunstprojekte:<\/p>\n<p>&#8211; &#8222;Frisch aus dem Garten&#8220; (1992)<br \/>\n&#8211; &#8222;Zeitung&#8220; (1994)<br \/>\n&#8211; Frottagen (seit 1998)<\/p>\n<p>Werke in privaten und \u00f6ffentlichen Sammlungen.<\/p>\n<p>Kunstreisen:\u00a0 USA, Kanada, England, Frankreich, Niederlande, \u00d6sterreich, Schweiz und Deutschland.<\/p>\n<p><img loading=\"lazy\" decoding=\"async\" class=\"alignnone wp-image-545 size-full\" src=\"http:\/\/valentingerstberger.familie-gerstberger.de\/wp-content\/uploads\/ironmonger.jpg\" alt=\"Arbeitsplatz an der Ironmonger Ln., London\" width=\"405\" height=\"540\" srcset=\"https:\/\/valentingerstberger.de\/wp-content\/uploads\/ironmonger.jpg 405w, https:\/\/valentingerstberger.de\/wp-content\/uploads\/ironmonger-225x300.jpg 225w, https:\/\/valentingerstberger.de\/wp-content\/uploads\/ironmonger-300x400.jpg 300w\" sizes=\"auto, (max-width: 405px) 100vw, 405px\" \/><br \/>\nArbeitsplatz an der Ironmonger Ln., London<\/p>\n","protected":false},"excerpt":{"rendered":"<p>Valentin Gerstberger, geb. 27. Juni 1955 in Limburg Studium an der Hochschule f\u00fcr Bildende K\u00fcnste in Kassel Volontariat Wetzlarer Neue Zeitung Redakteur Sonntag-Morgenmagazin Gie\u00dfen Freier K\u00fcnstler Kunstprojekte: &#8211; &#8222;Frisch aus dem Garten&#8220; (1992) &#8211; &#8222;Zeitung&#8220; (1994) &#8211; Frottagen (seit 1998) Werke in privaten und \u00f6ffentlichen Sammlungen. Kunstreisen:\u00a0 USA, Kanada, England, Frankreich, Niederlande, \u00d6sterreich, Schweiz und &hellip; <\/p>\n<p class=\"link-more\"><a href=\"https:\/\/valentingerstberger.de\/?page_id=34\" class=\"more-link\"><span class=\"screen-reader-text\">\u201e\u00dcber Mich\u201c <\/span>weiterlesen<\/a><\/p>\n","protected":false},"author":1,"featured_media":0,"parent":0,"menu_order":0,"comment_status":"closed","ping_status":"closed","template":"","meta":{"footnotes":""},"class_list":["post-34","page","type-page","status-publish","hentry"],"_links":{"self":[{"href":"https:\/\/valentingerstberger.de\/index.php?rest_route=\/wp\/v2\/pages\/34","targetHints":{"allow":["GET"]}}],"collection":[{"href":"https:\/\/valentingerstberger.de\/index.php?rest_route=\/wp\/v2\/pages"}],"about":[{"href":"https:\/\/valentingerstberger.de\/index.php?rest_route=\/wp\/v2\/types\/page"}],"author":[{"embeddable":true,"href":"https:\/\/valentingerstberger.de\/index.php?rest_route=\/wp\/v2\/users\/1"}],"replies":[{"embeddable":true,"href":"https:\/\/valentingerstberger.de\/index.php?rest_route=%2Fwp%2Fv2%2Fcomments&post=34"}],"version-history":[{"count":3,"href":"https:\/\/valentingerstberger.de\/index.php?rest_route=\/wp\/v2\/pages\/34\/revisions"}],"predecessor-version":[{"id":562,"href":"https:\/\/valentingerstberger.de\/index.php?rest_route=\/wp\/v2\/pages\/34\/revisions\/562"}],"wp:attachment":[{"href":"https:\/\/valentingerstberger.de\/index.php?rest_route=%2Fwp%2Fv2%2Fmedia&parent=34"}],"curies":[{"name":"wp","href":"https:\/\/api.w.org\/{rel}","templated":true}]}}