{"id":2,"date":"2016-05-10T03:48:21","date_gmt":"2016-05-10T03:48:21","guid":{"rendered":"http:\/\/valentingerstberger.familie-gerstberger.de\/?page_id=2"},"modified":"2026-02-03T13:08:17","modified_gmt":"2026-02-03T13:08:17","slug":"willkommen","status":"publish","type":"page","link":"https:\/\/valentingerstberger.de\/","title":{"rendered":"Willkommen"},"content":{"rendered":"<p>Liebe Besucherinnen und Besucher,<\/p>\n<p>Ausdrucksfreude und der Umgang mit\u00a0 Farben, die Entdeckung\u00a0 neuer Formen, die Herausforderung, Ordnung zu schaffen, nicht zuletzt die Auseinandersetzung mit der Frage \u201eWas ist Kunst\u201c, begleiten mich schon mein ganzes Leben.<\/p>\n<p>Wenn ich mich als K\u00fcnstler begreife, so muss ich eine Antwort darauf geben, warum ich mit meinen Werken in Kommunikation mit anderen Menschen gehe, warum ich\u00a0 meine Werke \u00fcberhaupt \u00f6ffentlich zur Diskussion stelle. Was\u00a0 ist daran so interessant? Lesen Sie hierzu auch den Beitrag von <a href=\"https:\/\/valentingerstberger.de\/?page_id=332\">Dr. Ellen Markgraf<\/a> auf dieser Website!<\/p>\n<p>Es w\u00e4re einfach zu sagen: Schauen Sie sich die Bilder an und denken Sie sich Ihren Teil. So leicht m\u00f6chte ich es mir nicht machen. Daher betrachten Sie meine Arbeiten bitte als Einladung, mit mir \u00fcber die oben gestellten Themen zu sprechen. Nat\u00fcrlich auch \u00fcber Themen, die Sie interessieren, und \u00fcber Fragen, die ich mir noch gar nicht gestellt habe. Ich freue mich \u00fcber jeden Eintrag in meinem <a href=\"https:\/\/valentingerstberger.de\/?page_id=47\">G\u00e4stebuch<\/a>!<\/p>\n<p>Wenn eines meiner Kunstwerke in Zukunft Ihr Zuhause oder Ihren Betrieb schm\u00fccken soll, <a href=\"mailto:info@valentingerstberger.de\">schreiben Sie mich gerne an<\/a>. Auf der<span style=\"font-size: revert;\">\u00a0Unterseite <\/span><a style=\"font-size: revert;\" href=\"https:\/\/valentingerstberger.de\/?page_id=706\">Artwork in Dibond<\/a><span style=\"font-size: revert;\">\u00a0biete ich Ihnen zudem ausgew\u00e4hlte Werke als Kunstdruck an.<\/span><\/p>\n<p>Valentin <span style=\"font-size: revert;\">Gerstberger<\/span><\/p>\n<address><img loading=\"lazy\" decoding=\"async\" class=\"alignnone wp-image-542 size-full\" src=\"http:\/\/valentingerstberger.de\/wp-content\/uploads\/portrait-300x200-1.jpg\" alt=\"Valentin Gerstberger\" width=\"300\" height=\"200\" \/><br \/>\nFoto: Renate Salzborn<\/address>\n","protected":false},"excerpt":{"rendered":"<p>Liebe Besucherinnen und Besucher, Ausdrucksfreude und der Umgang mit\u00a0 Farben, die Entdeckung\u00a0 neuer Formen, die Herausforderung, Ordnung zu schaffen, nicht zuletzt die Auseinandersetzung mit der Frage \u201eWas ist Kunst\u201c, begleiten mich schon mein ganzes Leben. Wenn ich mich als K\u00fcnstler begreife, so muss ich eine Antwort darauf geben, warum ich mit meinen Werken in Kommunikation &hellip; <\/p>\n<p class=\"link-more\"><a href=\"https:\/\/valentingerstberger.de\/\" class=\"more-link\"><span class=\"screen-reader-text\">\u201eWillkommen\u201c <\/span>weiterlesen<\/a><\/p>\n","protected":false},"author":1,"featured_media":0,"parent":0,"menu_order":0,"comment_status":"closed","ping_status":"closed","template":"","meta":{"footnotes":""},"class_list":["post-2","page","type-page","status-publish","hentry"],"_links":{"self":[{"href":"https:\/\/valentingerstberger.de\/index.php?rest_route=\/wp\/v2\/pages\/2","targetHints":{"allow":["GET"]}}],"collection":[{"href":"https:\/\/valentingerstberger.de\/index.php?rest_route=\/wp\/v2\/pages"}],"about":[{"href":"https:\/\/valentingerstberger.de\/index.php?rest_route=\/wp\/v2\/types\/page"}],"author":[{"embeddable":true,"href":"https:\/\/valentingerstberger.de\/index.php?rest_route=\/wp\/v2\/users\/1"}],"replies":[{"embeddable":true,"href":"https:\/\/valentingerstberger.de\/index.php?rest_route=%2Fwp%2Fv2%2Fcomments&post=2"}],"version-history":[{"count":10,"href":"https:\/\/valentingerstberger.de\/index.php?rest_route=\/wp\/v2\/pages\/2\/revisions"}],"predecessor-version":[{"id":850,"href":"https:\/\/valentingerstberger.de\/index.php?rest_route=\/wp\/v2\/pages\/2\/revisions\/850"}],"wp:attachment":[{"href":"https:\/\/valentingerstberger.de\/index.php?rest_route=%2Fwp%2Fv2%2Fmedia&parent=2"}],"curies":[{"name":"wp","href":"https:\/\/api.w.org\/{rel}","templated":true}]}}